{"id":3,"date":"2023-10-27T15:21:33","date_gmt":"2023-10-27T13:21:33","guid":{"rendered":"http:\/\/www2.nachbarschaftsbrot.org\/?page_id=3"},"modified":"2023-11-17T19:09:10","modified_gmt":"2023-11-17T18:09:10","slug":"datenschutzerklaerung","status":"publish","type":"page","link":"http:\/\/www2.nachbarschaftsbrot.org\/berlin\/datenschutzerklaerung\/","title":{"rendered":"Datenschutzerkl\u00e4rung"},"content":{"rendered":"\n<div class=\"wp-block-group has-ast-global-color-5-color has-ast-global-color-0-background-color has-text-color has-background is-content-justification-left\" style=\"margin-top:0px;margin-bottom:10px;padding-top:2px;padding-right:14px;padding-bottom:2px;padding-left:14px\"><div class=\"wp-block-group__inner-container is-layout-constrained wp-container-core-group-is-layout-a0df3263 wp-block-group-is-layout-constrained\">\n<h2 class=\"wp-block-heading has-ast-global-color-5-color has-text-color\" style=\"font-size:13px\">Datenschutz<\/h2>\n<\/div><\/div>\n\n\n\n<div class=\"wp-block-columns is-layout-flex wp-container-core-columns-is-layout-9d6595d7 wp-block-columns-is-layout-flex\">\n<div class=\"wp-block-column is-layout-flow wp-block-column-is-layout-flow\">\n<h3 class=\"wp-block-heading\">Server-Log-Dateien<\/h3>\n\n\n\n<p>Wenn du diese Website nur nutzt, um dich zu informieren und keine Daten angibst, dann verarbeiten wir nur die Daten, die unser Provider in Server-Log-Dateien automatisch erhebt und speichert. Dies sind:<\/p>\n\n\n\n<ul class=\"wp-block-list\">\n<li>Besuchte Seite auf unserer Domain<\/li>\n\n\n\n<li>Datum und Uhrzeit der Serveranfrage<\/li>\n\n\n\n<li>Browsertyp und Browserversion<\/li>\n\n\n\n<li>Verwendetes Betriebssystem<\/li>\n\n\n\n<li>Referrer URL<\/li>\n\n\n\n<li>Hostname des zugreifenden Rechners (anonymisiert)<\/li>\n\n\n\n<li>IP-Adresse (anonymisiert)<\/li>\n<\/ul>\n\n\n\n<p>Rechtsgrundlage f\u00fcr die Verarbeitung dieser Daten sind berechtigte Interessen gem\u00e4\u00df Art. 6 Abs. 1 UAbs. 1 Buchstabe f) DSGVO, um die Darstellung der Website grunds\u00e4tzlich zu erm\u00f6glichen.<\/p>\n<\/div>\n\n\n\n<div class=\"wp-block-column is-layout-flow wp-block-column-is-layout-flow\">\n<h3 class=\"wp-block-heading\">Kontaktformular<\/h3>\n\n\n\n<p>Du hast die M\u00f6glichkeit, uns \u00fcber unser Kontaktformular unkompliziert eine Nachricht zukommen zu lassen. Daf\u00fcr musst du im Formular die vier Felder Name, E-Mail-Adresse, Betreff und Text ausf\u00fcllen, deren Inhalte beim Bet\u00e4tigen des Versenden-Buttons an uns \u00fcbertragen werden.<br>Deine E-Mail-Adresse ben\u00f6tigen wir, um dir falls gew\u00fcnscht eine Antwort senden zu k\u00f6nnen. Sie wird nicht f\u00fcr Werbezwecke genutzt und an niemanden weitergegeben. Die von dir eingetragenen Daten werden im Anschluss an die Kommunikation mit dir gel\u00f6scht.<\/p>\n\n\n\n<h3 class=\"wp-block-heading\">Cookies<\/h3>\n\n\n\n<p>Diese Website kommt ganz ohne Cookies aus.<\/p>\n<\/div>\n<\/div>\n","protected":false},"excerpt":{"rendered":"<p>Datenschutz Server-Log-Dateien Wenn du diese Website nur nutzt, um dich zu informieren und keine Daten angibst, dann verarbeiten wir nur die Daten, die unser Provider in Server-Log-Dateien automatisch erhebt und speichert. Dies sind: Rechtsgrundlage f\u00fcr die Verarbeitung dieser Daten sind berechtigte Interessen gem\u00e4\u00df Art. 6 Abs. 1 UAbs. 1 Buchstabe f) DSGVO, um die Darstellung [&hellip;]<\/p>\n","protected":false},"author":1,"featured_media":0,"parent":0,"menu_order":0,"comment_status":"closed","ping_status":"open","template":"","meta":{"_uag_custom_page_level_css":"","footnotes":""},"class_list":["post-3","page","type-page","status-publish","hentry"],"uagb_featured_image_src":{"full":false,"thumbnail":false,"medium":false,"medium_large":false,"large":false,"1536x1536":false,"2048x2048":false},"uagb_author_info":{"display_name":"Karsten","author_link":"http:\/\/www2.nachbarschaftsbrot.org\/berlin\/author\/karsten\/"},"uagb_comment_info":0,"uagb_excerpt":"Datenschutz Server-Log-Dateien Wenn du diese Website nur nutzt, um dich zu informieren und keine Daten angibst, dann verarbeiten wir nur die Daten, die unser Provider in Server-Log-Dateien automatisch erhebt und speichert. Dies sind: Rechtsgrundlage f\u00fcr die Verarbeitung dieser Daten sind berechtigte Interessen gem\u00e4\u00df Art. 6 Abs. 1 UAbs. 1 Buchstabe f) DSGVO, um die Darstellung&hellip;","_links":{"self":[{"href":"http:\/\/www2.nachbarschaftsbrot.org\/berlin\/wp-json\/wp\/v2\/pages\/3","targetHints":{"allow":["GET"]}}],"collection":[{"href":"http:\/\/www2.nachbarschaftsbrot.org\/berlin\/wp-json\/wp\/v2\/pages"}],"about":[{"href":"http:\/\/www2.nachbarschaftsbrot.org\/berlin\/wp-json\/wp\/v2\/types\/page"}],"author":[{"embeddable":true,"href":"http:\/\/www2.nachbarschaftsbrot.org\/berlin\/wp-json\/wp\/v2\/users\/1"}],"replies":[{"embeddable":true,"href":"http:\/\/www2.nachbarschaftsbrot.org\/berlin\/wp-json\/wp\/v2\/comments?post=3"}],"version-history":[{"count":5,"href":"http:\/\/www2.nachbarschaftsbrot.org\/berlin\/wp-json\/wp\/v2\/pages\/3\/revisions"}],"predecessor-version":[{"id":359,"href":"http:\/\/www2.nachbarschaftsbrot.org\/berlin\/wp-json\/wp\/v2\/pages\/3\/revisions\/359"}],"wp:attachment":[{"href":"http:\/\/www2.nachbarschaftsbrot.org\/berlin\/wp-json\/wp\/v2\/media?parent=3"}],"curies":[{"name":"wp","href":"https:\/\/api.w.org\/{rel}","templated":true}]}}